{"id":78,"date":"2024-01-07T13:35:54","date_gmt":"2024-01-07T13:35:54","guid":{"rendered":"https:\/\/talijata.com\/?page_id=78"},"modified":"2024-01-22T22:16:24","modified_gmt":"2024-01-22T22:16:24","slug":"njen-ratnik","status":"publish","type":"page","link":"https:\/\/talijata.com\/index.php\/njen-ratnik\/","title":{"rendered":"Njen Ratnik"},"content":{"rendered":"<p>[et_pb_section fb_built=&#8220;1&#8243; _builder_version=&#8220;4.23.3&#8243; _module_preset=&#8220;default&#8220; background_enable_color=&#8220;off&#8220; use_background_color_gradient=&#8220;on&#8220; background_color_gradient_stops=&#8220;rgba(255,255,255,0) 80%|#b64886 100%&#8220; min_height=&#8220;742.8px&#8220; global_colors_info=&#8220;{%22gcid-4faa3655-cfba-4cd4-b798-89830c7b2085%22:%91%22background_color_gradient_stops%22%93}&#8220;][et_pb_row column_structure=&#8220;2_5,3_5&#8243; _builder_version=&#8220;4.23.3&#8243; _module_preset=&#8220;default&#8220; custom_padding=&#8220;||0px||false|false&#8220; global_colors_info=&#8220;{}&#8220;][et_pb_column type=&#8220;2_5&#8243; _builder_version=&#8220;4.23.3&#8243; _module_preset=&#8220;default&#8220; global_colors_info=&#8220;{}&#8220;][et_pb_image src=&#8220;https:\/\/talijata.com\/wp-content\/uploads\/2024\/01\/1579732263-1-300&#215;230.png&#8220; title_text=&#8220;1579732263&#8243; _builder_version=&#8220;4.23.3&#8243; _module_preset=&#8220;default&#8220; global_colors_info=&#8220;{}&#8220;][\/et_pb_image][\/et_pb_column][et_pb_column type=&#8220;3_5&#8243; _builder_version=&#8220;4.23.3&#8243; _module_preset=&#8220;default&#8220; global_colors_info=&#8220;{}&#8220;][et_pb_text _builder_version=&#8220;4.24.0&#8243; _module_preset=&#8220;default&#8220; text_font=&#8220;Abhaya Libre||||||||&#8220; text_font_size=&#8220;16px&#8220; header_2_font=&#8220;Playfair Display||||||||&#8220; custom_margin=&#8220;||18px|||&#8220; custom_padding=&#8220;||0px|||&#8220; hover_enabled=&#8220;0&#8243; global_colors_info=&#8220;{}&#8220; header_2_text_color=&#8220;#000000&#8243; sticky_enabled=&#8220;0&#8243; text_text_color=&#8220;#000000&#8243;]<\/p>\n<h2 class=\"h2-mod4\">Njen ratnik<\/h2>\n<p>&nbsp;<\/p>\n<div class=\"mt-4 font-color-default\">\n<div>Bo je kamen i tajna. \u010covek za koga postoji samo jedna nemogu\u0107a misija \u2013 suo\u010diti se sa svojim strahom i pomiriti se sa pro\u0161lo\u0161\u0107u.<\/div>\n<div><\/div>\n<div><\/div>\n<div><\/div>\n<div><\/div>\n<div><\/div>\n<div><\/div>\n<div><\/div>\n<div><\/div>\n<div><\/div>\n<div><\/div>\n<div><\/div>\n<div><\/div>\n<div><\/div>\n<div><\/div>\n<div><\/div>\n<\/div>\n<p>[\/et_pb_text][et_pb_text _builder_version=&#8220;4.24.0&#8243; _module_preset=&#8220;default&#8220; text_font=&#8220;Abhaya Libre||||||||&#8220; text_font_size=&#8220;16px&#8220; header_2_font=&#8220;Playfair Display||||||||&#8220; custom_margin=&#8220;4px||15px|||&#8220; custom_padding=&#8220;||0px|||&#8220; hover_enabled=&#8220;0&#8243; global_colors_info=&#8220;{}&#8220; text_text_color=&#8220;#000000&#8243; sticky_enabled=&#8220;0&#8243;]<\/p>\n<p>Ni jedno od njih ne \u017eeli da prizna koliko se me\u0111usobno privla\u010de, uprkos svim razlikama. No\u0107 pred njegov odlazak na jo\u0161 jedan vojni zadatak, oni provode zajedno. On se sutradan toga ne se\u0107a, dok na nju ta no\u0107 ostavlja do\u017eivotni pe\u010dat. Misle\u0107i da je Bo poginuo, a u \u017eelji da se inati sudbini i kazni sebe, Beka odlu\u010duje da prihvati bra\u010dnu ponudu svog dugogodi\u0161njeg de\u010dka.<\/p>\n<p>[\/et_pb_text][et_pb_text _builder_version=&#8220;4.24.0&#8243; _module_preset=&#8220;default&#8220; text_font=&#8220;Abhaya Libre||||||||&#8220; text_font_size=&#8220;16px&#8220; header_2_font=&#8220;Playfair Display||||||||&#8220; custom_padding=&#8220;0px||19px|||&#8220; hover_enabled=&#8220;0&#8243; global_colors_info=&#8220;{}&#8220; text_text_color=&#8220;#000000&#8243; sticky_enabled=&#8220;0&#8243;]<\/p>\n<p>Beka je vatra i hir. Ludorije su njena svakodnevica. Jedna takva situacija uvu\u0107i \u0107e je u za\u010darani krug nemogu\u0107e ljubavi, zbog koje \u0107e sve svoje \u017eelje staviti u drugi plan i \u017ertvovati sebe. Njih dvoje su naizgled nespojivi, poput psa i ma\u010dke.<\/p>\n<p>[\/et_pb_text][et_pb_text _builder_version=&#8220;4.24.0&#8243; _module_preset=&#8220;default&#8220; text_font=&#8220;Abhaya Libre||||||||&#8220; text_font_size=&#8220;16px&#8220; header_2_font=&#8220;Playfair Display||||||||&#8220; min_height=&#8220;34.8px&#8220; custom_margin=&#8220;-40px||21px|||&#8220; custom_padding=&#8220;4px||0px|||&#8220; hover_enabled=&#8220;0&#8243; global_colors_info=&#8220;{}&#8220; text_text_color=&#8220;#000000&#8243; sticky_enabled=&#8220;0&#8243;]<\/p>\n<p>Ali\u2026<\/p>\n<p>[\/et_pb_text][et_pb_text _builder_version=&#8220;4.24.0&#8243; _module_preset=&#8220;default&#8220; text_font=&#8220;Abhaya Libre||||||||&#8220; text_font_size=&#8220;16px&#8220; header_2_font=&#8220;Playfair Display||||||||&#8220; min_height=&#8220;46.8px&#8220; custom_margin=&#8220;-17px|||||&#8220; custom_padding=&#8220;0px||0px|||&#8220; hover_enabled=&#8220;0&#8243; global_colors_info=&#8220;{}&#8220; text_text_color=&#8220;#000000&#8243; sticky_enabled=&#8220;0&#8243;]<\/p>\n<div><\/div>\n<div>\u0160ta ako je sudbina imala druga\u010diji plan?<\/div>\n<p>[\/et_pb_text][\/et_pb_column][\/et_pb_row][et_pb_row _builder_version=&#8220;4.23.3&#8243; _module_preset=&#8220;default&#8220; global_colors_info=&#8220;{}&#8220;][et_pb_column type=&#8220;4_4&#8243; _builder_version=&#8220;4.23.3&#8243; _module_preset=&#8220;default&#8220; global_colors_info=&#8220;{}&#8220;][et_pb_button button_url=&#8220;https:\/\/www.wattpad.com\/story\/139745758-njen-ratnik-2-deo-%E2%9C%85-u-prodaji&#8220; url_new_window=&#8220;on&#8220; button_text=&#8220;pro\u010ditaj vi\u0161e&#8230;&#8220; button_alignment=&#8220;center&#8220; _builder_version=&#8220;4.23.4&#8243; _module_preset=&#8220;default&#8220; custom_button=&#8220;on&#8220; button_text_color=&#8220;#ffffff&#8220; button_bg_color=&#8220;#b64886&#8243; button_border_width=&#8220;3px&#8220; button_border_color=&#8220;#ffffff&#8220; button_font=&#8220;Playfair Display|600||||on|||&#8220; global_colors_info=&#8220;{}&#8220;][\/et_pb_button][\/et_pb_column][\/et_pb_row][\/et_pb_section]<\/p>\n","protected":false},"excerpt":{"rendered":"<p>Njen ratnik &nbsp; Bo je kamen i tajna. \u010covek za koga postoji samo jedna nemogu\u0107a misija \u2013 suo\u010diti se sa svojim strahom i pomiriti se sa pro\u0161lo\u0161\u0107u. Ni jedno od njih ne \u017eeli da prizna koliko se me\u0111usobno privla\u010de, uprkos svim razlikama. No\u0107 pred njegov odlazak na jo\u0161 jedan vojni zadatak, oni provode zajedno. On [&hellip;]<\/p>\n","protected":false},"author":2,"featured_media":0,"parent":0,"menu_order":0,"comment_status":"closed","ping_status":"closed","template":"","meta":{"_et_pb_use_builder":"on","_et_pb_old_content":"","_et_gb_content_width":"","footnotes":""},"class_list":["post-78","page","type-page","status-publish","hentry"],"yoast_head":"<!-- This site is optimized with the Yoast SEO plugin v26.8 - https:\/\/yoast.com\/product\/yoast-seo-wordpress\/ -->\n<title>Njen Ratnik - TALIJATA<\/title>\n<meta name=\"robots\" content=\"index, follow, max-snippet:-1, max-image-preview:large, max-video-preview:-1\" \/>\n<link rel=\"canonical\" href=\"https:\/\/talijata.com\/index.php\/njen-ratnik\/\" \/>\n<meta property=\"og:locale\" content=\"sr_RS\" \/>\n<meta property=\"og:type\" content=\"article\" \/>\n<meta property=\"og:title\" content=\"Njen Ratnik - TALIJATA\" \/>\n<meta property=\"og:description\" content=\"Njen ratnik &nbsp; Bo je kamen i tajna. \u010covek za koga postoji samo jedna nemogu\u0107a misija \u2013 suo\u010diti se sa svojim strahom i pomiriti se sa pro\u0161lo\u0161\u0107u. Ni jedno od njih ne \u017eeli da prizna koliko se me\u0111usobno privla\u010de, uprkos svim razlikama. No\u0107 pred njegov odlazak na jo\u0161 jedan vojni zadatak, oni provode zajedno. On [&hellip;]\" \/>\n<meta property=\"og:url\" content=\"https:\/\/talijata.com\/index.php\/njen-ratnik\/\" \/>\n<meta property=\"og:site_name\" content=\"TALIJATA\" \/>\n<meta property=\"article:publisher\" content=\"https:\/\/www.facebook.com\/TalijataWattpad?locale=sr_RS\" \/>\n<meta property=\"article:modified_time\" content=\"2024-01-22T22:16:24+00:00\" \/>\n<meta property=\"og:image\" content=\"https:\/\/talijata.com\/wp-content\/uploads\/2023\/12\/cropped-Talijata-novi-logo.png\" \/>\n\t<meta property=\"og:image:width\" content=\"512\" \/>\n\t<meta property=\"og:image:height\" content=\"512\" \/>\n\t<meta property=\"og:image:type\" content=\"image\/png\" \/>\n<meta name=\"twitter:card\" content=\"summary_large_image\" \/>\n<meta name=\"twitter:label1\" content=\"\u041f\u0440\u043e\u0446\u0435\u045a\u0435\u043d\u043e \u0432\u0440\u0435\u043c\u0435 \u0447\u0438\u0442\u0430\u045a\u0430\" \/>\n\t<meta name=\"twitter:data1\" content=\"3 \u043c\u0438\u043d\u0443\u0442\u0430\" \/>\n<script type=\"application\/ld+json\" class=\"yoast-schema-graph\">{\"@context\":\"https:\/\/schema.org\",\"@graph\":[{\"@type\":\"WebPage\",\"@id\":\"https:\/\/talijata.com\/index.php\/njen-ratnik\/\",\"url\":\"https:\/\/talijata.com\/index.php\/njen-ratnik\/\",\"name\":\"Njen Ratnik - TALIJATA\",\"isPartOf\":{\"@id\":\"https:\/\/talijata.com\/#website\"},\"datePublished\":\"2024-01-07T13:35:54+00:00\",\"dateModified\":\"2024-01-22T22:16:24+00:00\",\"breadcrumb\":{\"@id\":\"https:\/\/talijata.com\/index.php\/njen-ratnik\/#breadcrumb\"},\"inLanguage\":\"sr-RS\",\"potentialAction\":[{\"@type\":\"ReadAction\",\"target\":[\"https:\/\/talijata.com\/index.php\/njen-ratnik\/\"]}]},{\"@type\":\"BreadcrumbList\",\"@id\":\"https:\/\/talijata.com\/index.php\/njen-ratnik\/#breadcrumb\",\"itemListElement\":[{\"@type\":\"ListItem\",\"position\":1,\"name\":\"Home\",\"item\":\"https:\/\/talijata.com\/\"},{\"@type\":\"ListItem\",\"position\":2,\"name\":\"Njen Ratnik\"}]},{\"@type\":\"WebSite\",\"@id\":\"https:\/\/talijata.com\/#website\",\"url\":\"https:\/\/talijata.com\/\",\"name\":\"TALIJATA\",\"description\":\"Autor ljubavnih romana\",\"publisher\":{\"@id\":\"https:\/\/talijata.com\/#\/schema\/person\/db9f6cdcd00ab27df30ef69a1ff30e1b\"},\"alternateName\":\"Talijata wattpad\",\"potentialAction\":[{\"@type\":\"SearchAction\",\"target\":{\"@type\":\"EntryPoint\",\"urlTemplate\":\"https:\/\/talijata.com\/?s={search_term_string}\"},\"query-input\":{\"@type\":\"PropertyValueSpecification\",\"valueRequired\":true,\"valueName\":\"search_term_string\"}}],\"inLanguage\":\"sr-RS\"},{\"@type\":[\"Person\",\"Organization\"],\"@id\":\"https:\/\/talijata.com\/#\/schema\/person\/db9f6cdcd00ab27df30ef69a1ff30e1b\",\"name\":\"Talijata\",\"image\":{\"@type\":\"ImageObject\",\"inLanguage\":\"sr-RS\",\"@id\":\"https:\/\/talijata.com\/#\/schema\/person\/image\/\",\"url\":\"https:\/\/talijata.com\/wp-content\/uploads\/2023\/12\/cropped-Talijata-novi-logo.png\",\"contentUrl\":\"https:\/\/talijata.com\/wp-content\/uploads\/2023\/12\/cropped-Talijata-novi-logo.png\",\"width\":512,\"height\":512,\"caption\":\"Talijata\"},\"logo\":{\"@id\":\"https:\/\/talijata.com\/#\/schema\/person\/image\/\"},\"sameAs\":[\"https:\/\/www.facebook.com\/TalijataWattpad?locale=sr_RS\",\"https:\/\/www.instagram.com\/talijata_wattpad_books\/\"]}]}<\/script>\n<!-- \/ Yoast SEO plugin. -->","yoast_head_json":{"title":"Njen Ratnik - TALIJATA","robots":{"index":"index","follow":"follow","max-snippet":"max-snippet:-1","max-image-preview":"max-image-preview:large","max-video-preview":"max-video-preview:-1"},"canonical":"https:\/\/talijata.com\/index.php\/njen-ratnik\/","og_locale":"sr_RS","og_type":"article","og_title":"Njen Ratnik - TALIJATA","og_description":"Njen ratnik &nbsp; Bo je kamen i tajna. \u010covek za koga postoji samo jedna nemogu\u0107a misija \u2013 suo\u010diti se sa svojim strahom i pomiriti se sa pro\u0161lo\u0161\u0107u. Ni jedno od njih ne \u017eeli da prizna koliko se me\u0111usobno privla\u010de, uprkos svim razlikama. No\u0107 pred njegov odlazak na jo\u0161 jedan vojni zadatak, oni provode zajedno. On [&hellip;]","og_url":"https:\/\/talijata.com\/index.php\/njen-ratnik\/","og_site_name":"TALIJATA","article_publisher":"https:\/\/www.facebook.com\/TalijataWattpad?locale=sr_RS","article_modified_time":"2024-01-22T22:16:24+00:00","og_image":[{"width":512,"height":512,"url":"https:\/\/talijata.com\/wp-content\/uploads\/2023\/12\/cropped-Talijata-novi-logo.png","type":"image\/png"}],"twitter_card":"summary_large_image","twitter_misc":{"\u041f\u0440\u043e\u0446\u0435\u045a\u0435\u043d\u043e \u0432\u0440\u0435\u043c\u0435 \u0447\u0438\u0442\u0430\u045a\u0430":"3 \u043c\u0438\u043d\u0443\u0442\u0430"},"schema":{"@context":"https:\/\/schema.org","@graph":[{"@type":"WebPage","@id":"https:\/\/talijata.com\/index.php\/njen-ratnik\/","url":"https:\/\/talijata.com\/index.php\/njen-ratnik\/","name":"Njen Ratnik - TALIJATA","isPartOf":{"@id":"https:\/\/talijata.com\/#website"},"datePublished":"2024-01-07T13:35:54+00:00","dateModified":"2024-01-22T22:16:24+00:00","breadcrumb":{"@id":"https:\/\/talijata.com\/index.php\/njen-ratnik\/#breadcrumb"},"inLanguage":"sr-RS","potentialAction":[{"@type":"ReadAction","target":["https:\/\/talijata.com\/index.php\/njen-ratnik\/"]}]},{"@type":"BreadcrumbList","@id":"https:\/\/talijata.com\/index.php\/njen-ratnik\/#breadcrumb","itemListElement":[{"@type":"ListItem","position":1,"name":"Home","item":"https:\/\/talijata.com\/"},{"@type":"ListItem","position":2,"name":"Njen Ratnik"}]},{"@type":"WebSite","@id":"https:\/\/talijata.com\/#website","url":"https:\/\/talijata.com\/","name":"TALIJATA","description":"Autor ljubavnih romana","publisher":{"@id":"https:\/\/talijata.com\/#\/schema\/person\/db9f6cdcd00ab27df30ef69a1ff30e1b"},"alternateName":"Talijata wattpad","potentialAction":[{"@type":"SearchAction","target":{"@type":"EntryPoint","urlTemplate":"https:\/\/talijata.com\/?s={search_term_string}"},"query-input":{"@type":"PropertyValueSpecification","valueRequired":true,"valueName":"search_term_string"}}],"inLanguage":"sr-RS"},{"@type":["Person","Organization"],"@id":"https:\/\/talijata.com\/#\/schema\/person\/db9f6cdcd00ab27df30ef69a1ff30e1b","name":"Talijata","image":{"@type":"ImageObject","inLanguage":"sr-RS","@id":"https:\/\/talijata.com\/#\/schema\/person\/image\/","url":"https:\/\/talijata.com\/wp-content\/uploads\/2023\/12\/cropped-Talijata-novi-logo.png","contentUrl":"https:\/\/talijata.com\/wp-content\/uploads\/2023\/12\/cropped-Talijata-novi-logo.png","width":512,"height":512,"caption":"Talijata"},"logo":{"@id":"https:\/\/talijata.com\/#\/schema\/person\/image\/"},"sameAs":["https:\/\/www.facebook.com\/TalijataWattpad?locale=sr_RS","https:\/\/www.instagram.com\/talijata_wattpad_books\/"]}]}},"jetpack_sharing_enabled":true,"_links":{"self":[{"href":"https:\/\/talijata.com\/index.php\/wp-json\/wp\/v2\/pages\/78","targetHints":{"allow":["GET"]}}],"collection":[{"href":"https:\/\/talijata.com\/index.php\/wp-json\/wp\/v2\/pages"}],"about":[{"href":"https:\/\/talijata.com\/index.php\/wp-json\/wp\/v2\/types\/page"}],"author":[{"embeddable":true,"href":"https:\/\/talijata.com\/index.php\/wp-json\/wp\/v2\/users\/2"}],"replies":[{"embeddable":true,"href":"https:\/\/talijata.com\/index.php\/wp-json\/wp\/v2\/comments?post=78"}],"version-history":[{"count":9,"href":"https:\/\/talijata.com\/index.php\/wp-json\/wp\/v2\/pages\/78\/revisions"}],"predecessor-version":[{"id":387,"href":"https:\/\/talijata.com\/index.php\/wp-json\/wp\/v2\/pages\/78\/revisions\/387"}],"wp:attachment":[{"href":"https:\/\/talijata.com\/index.php\/wp-json\/wp\/v2\/media?parent=78"}],"curies":[{"name":"wp","href":"https:\/\/api.w.org\/{rel}","templated":true}]}}