{"id":75,"date":"2024-01-07T13:35:32","date_gmt":"2024-01-07T13:35:32","guid":{"rendered":"https:\/\/talijata.com\/?page_id=75"},"modified":"2024-04-22T22:16:05","modified_gmt":"2024-04-22T22:16:05","slug":"njen-zastitnik","status":"publish","type":"page","link":"https:\/\/talijata.com\/index.php\/njen-zastitnik\/","title":{"rendered":"Njen Za\u0161titnik"},"content":{"rendered":"\n[et_pb_section fb_built=&#8220;1&#8243; _builder_version=&#8220;4.23.3&#8243; _module_preset=&#8220;default&#8220; background_enable_color=&#8220;off&#8220; use_background_color_gradient=&#8220;on&#8220; background_color_gradient_stops=&#8220;rgba(255,255,255,0) 80%|#b64886 100%&#8220; min_height=&#8220;742.8px&#8220; global_colors_info=&#8220;{%22gcid-4faa3655-cfba-4cd4-b798-89830c7b2085%22:%91%22background_color_gradient_stops%22%93}&#8220;][et_pb_row column_structure=&#8220;2_5,3_5&#8243; _builder_version=&#8220;4.23.3&#8243; _module_preset=&#8220;default&#8220; global_colors_info=&#8220;{}&#8220;][et_pb_column type=&#8220;2_5&#8243; _builder_version=&#8220;4.23.3&#8243; _module_preset=&#8220;default&#8220; global_colors_info=&#8220;{}&#8220;][et_pb_image src=&#8220;https:\/\/talijata.com\/wp-content\/uploads\/2024\/01\/\u041a\u043e\u043f\u0438\u0458\u0430-\u0434\u0430\u0442\u043e\u0442\u0435\u043a\u0435-1-STRANA-202&#215;300.jpg&#8220; title_text=&#8220;Paparazzi taking pictures of celebrity&#8220; _builder_version=&#8220;4.23.3&#8243; _module_preset=&#8220;default&#8220; global_colors_info=&#8220;{}&#8220;][\/et_pb_image][\/et_pb_column][et_pb_column type=&#8220;3_5&#8243; _builder_version=&#8220;4.23.3&#8243; _module_preset=&#8220;default&#8220; global_colors_info=&#8220;{}&#8220;][et_pb_text _builder_version=&#8220;4.23.3&#8243; _module_preset=&#8220;default&#8220; text_font=&#8220;Abhaya Libre||||||||&#8220; text_font_size=&#8220;16px&#8220; header_2_font=&#8220;Playfair Display||||||||&#8220; custom_margin=&#8220;||10px|||&#8220; global_colors_info=&#8220;{}&#8220;]<h2 class=\"h2-mod4\"><span style=\"color: #000000;\">Njen za\u0161titnik<\/span><\/h2>\n<p><span style=\"color: #000000;\">\u00a0<\/span><\/p>\n<div class=\"mt-4 font-color-default\">\n<div>\n<p><span style=\"color: #000000;\">\u201eOd onog trenutka kada se na\u0161la u mojim rukama, postala je deo mene. Deo koji sam silno \u017eeleo da sa\u010duvam. Problema je bilo vi\u0161e. Pre svega&#8230;bila je tu\u0111a.\u201c<\/span><\/p>\n<p><span style=\"color: #000000;\">\u201eOnog momenta kada su se njegove ruke prvi put sklopile oko mene, na\u0161la sam svoje skloni\u0161te. Ali&#8230; Postojao jedan problem. Pripadali smo razli\u010ditim svetovima.\u201c<\/span><\/p>\n<p><span style=\"color: #000000;\">Davon Blake je biv\u0161i marinac i vo\u0111a kampanje svog oca u kandidaturi za senatora.<\/span><\/p>\n<p><span style=\"color: #000000;\">Bethany Foxx je mlada pop zvezda u usponu i \u010dlanica grupe \u201eStep\u201c.<\/span><\/p>\n<p><span style=\"color: #000000;\">Davonu skandali ne trebaju, Bethany skandali prate.<\/span><\/p>\n<\/div>\n<\/div>\n<p><span style=\"color: #000000;\">\u00a0<\/span><\/p>\n<p>&nbsp;<\/p>[\/et_pb_text][et_pb_button button_url=&#8220;https:\/\/www.wattpad.com\/story\/133743486-njen-za%C5%A1titnik-1-deo%E2%9C%85-u-prodaji&#8220; url_new_window=&#8220;on&#8220; button_text=&#8220;PRO\u010cITAJTE VI\u0160E&#8220; button_alignment=&#8220;center&#8220; _builder_version=&#8220;4.24.0&#8243; _module_preset=&#8220;default&#8220; custom_button=&#8220;on&#8220; button_text_size=&#8220;14px&#8220; button_text_color=&#8220;#ffffff&#8220; button_bg_color=&#8220;#b64886&#8243; button_border_width=&#8220;3px&#8220; button_border_color=&#8220;#ffffff&#8220; button_font=&#8220;Playfair Display|600||||on|||&#8220; button_icon=&#8220;&#x41;||divi||400&#8243; global_colors_info=&#8220;{}&#8220;][\/et_pb_button][\/et_pb_column][\/et_pb_row][et_pb_row column_structure=&#8220;1_5,1_5,1_5,1_5,1_5&#8243; _builder_version=&#8220;4.23.3&#8243; _module_preset=&#8220;default&#8220; custom_margin=&#8220;-1px|auto||auto||&#8220; hover_enabled=&#8220;0&#8243; global_colors_info=&#8220;{}&#8220; sticky_enabled=&#8220;0&#8243;][et_pb_column type=&#8220;1_5&#8243; _builder_version=&#8220;4.23.3&#8243; _module_preset=&#8220;default&#8220; global_colors_info=&#8220;{}&#8220;][et_pb_blurb title=&#8220;1. poglavlje &#8211; SUDAR SVETOVA&#8220; image_icon_background_color=&#8220;#b64886&#8243; image=&#8220;https:\/\/talijata.com\/wp-content\/uploads\/2024\/01\/pexels-loc-dang-1600128-scaled.jpg&#8220; _builder_version=&#8220;4.24.0&#8243; _dynamic_attributes=&#8220;link_option_url&#8220; _module_preset=&#8220;default&#8220; link_option_url=&#8220;@ET-DC@eyJkeW5hbWljIjp0cnVlLCJjb250ZW50IjoicG9zdF9saW5rX3VybF9wb3N0Iiwic2V0dGluZ3MiOnsicG9zdF9pZCI6IjI1MSJ9fQ==@&#8220; global_colors_info=&#8220;{}&#8220;][\/et_pb_blurb][\/et_pb_column][et_pb_column type=&#8220;1_5&#8243; _builder_version=&#8220;4.23.3&#8243; _module_preset=&#8220;default&#8220; global_colors_info=&#8220;{}&#8220;][et_pb_blurb title=&#8220;2. poglalje &#8211; BEG&#8220; image=&#8220;https:\/\/talijata.com\/wp-content\/uploads\/2024\/01\/pexels-vanessa-garcia-6324146-scaled.jpg&#8220; _builder_version=&#8220;4.24.0&#8243; _module_preset=&#8220;default&#8220; global_colors_info=&#8220;{}&#8220;][\/et_pb_blurb][\/et_pb_column][et_pb_column type=&#8220;1_5&#8243; _builder_version=&#8220;4.23.3&#8243; _module_preset=&#8220;default&#8220; global_colors_info=&#8220;{}&#8220;][\/et_pb_column][et_pb_column type=&#8220;1_5&#8243; _builder_version=&#8220;4.23.3&#8243; _module_preset=&#8220;default&#8220; global_colors_info=&#8220;{}&#8220;][\/et_pb_column][et_pb_column type=&#8220;1_5&#8243; _builder_version=&#8220;4.23.3&#8243; _module_preset=&#8220;default&#8220; global_colors_info=&#8220;{}&#8220;][\/et_pb_column][\/et_pb_row][\/et_pb_section]\n","protected":false},"excerpt":{"rendered":"<p>Njen za\u0161titnik \u00a0 \u201eOd onog trenutka kada se na\u0161la u mojim rukama, postala je deo mene. Deo koji sam silno \u017eeleo da sa\u010duvam. Problema je bilo vi\u0161e. Pre svega&#8230;bila je tu\u0111a.\u201c \u201eOnog momenta kada su se njegove ruke prvi put sklopile oko mene, na\u0161la sam svoje skloni\u0161te. Ali&#8230; Postojao jedan problem. Pripadali smo razli\u010ditim svetovima.\u201c [&hellip;]<\/p>\n","protected":false},"author":2,"featured_media":0,"parent":0,"menu_order":0,"comment_status":"closed","ping_status":"closed","template":"","meta":{"_et_pb_use_builder":"on","_et_pb_old_content":"","_et_gb_content_width":"","footnotes":""},"class_list":["post-75","page","type-page","status-publish","hentry"],"yoast_head":"<!-- This site is optimized with the Yoast SEO plugin v26.8 - https:\/\/yoast.com\/product\/yoast-seo-wordpress\/ -->\n<title>Njen Za\u0161titnik - TALIJATA<\/title>\n<meta name=\"robots\" content=\"index, follow, max-snippet:-1, max-image-preview:large, max-video-preview:-1\" \/>\n<link rel=\"canonical\" href=\"https:\/\/talijata.com\/index.php\/njen-zastitnik\/\" \/>\n<meta property=\"og:locale\" content=\"sr_RS\" \/>\n<meta property=\"og:type\" content=\"article\" \/>\n<meta property=\"og:title\" content=\"Njen Za\u0161titnik - TALIJATA\" \/>\n<meta property=\"og:description\" content=\"Njen za\u0161titnik \u00a0 \u201eOd onog trenutka kada se na\u0161la u mojim rukama, postala je deo mene. Deo koji sam silno \u017eeleo da sa\u010duvam. Problema je bilo vi\u0161e. Pre svega...bila je tu\u0111a.\u201c \u201eOnog momenta kada su se njegove ruke prvi put sklopile oko mene, na\u0161la sam svoje skloni\u0161te. Ali... Postojao jedan problem. Pripadali smo razli\u010ditim svetovima.\u201c [&hellip;]\" \/>\n<meta property=\"og:url\" content=\"https:\/\/talijata.com\/index.php\/njen-zastitnik\/\" \/>\n<meta property=\"og:site_name\" content=\"TALIJATA\" \/>\n<meta property=\"article:publisher\" content=\"https:\/\/www.facebook.com\/TalijataWattpad?locale=sr_RS\" \/>\n<meta property=\"article:modified_time\" content=\"2024-04-22T22:16:05+00:00\" \/>\n<meta property=\"og:image\" content=\"https:\/\/talijata.com\/wp-content\/uploads\/2023\/12\/cropped-Talijata-novi-logo.png\" \/>\n\t<meta property=\"og:image:width\" content=\"512\" \/>\n\t<meta property=\"og:image:height\" content=\"512\" \/>\n\t<meta property=\"og:image:type\" content=\"image\/png\" \/>\n<meta name=\"twitter:card\" content=\"summary_large_image\" \/>\n<meta name=\"twitter:label1\" content=\"\u041f\u0440\u043e\u0446\u0435\u045a\u0435\u043d\u043e \u0432\u0440\u0435\u043c\u0435 \u0447\u0438\u0442\u0430\u045a\u0430\" \/>\n\t<meta name=\"twitter:data1\" content=\"2 \u043c\u0438\u043d\u0443\u0442\u0430\" \/>\n<script type=\"application\/ld+json\" class=\"yoast-schema-graph\">{\"@context\":\"https:\/\/schema.org\",\"@graph\":[{\"@type\":\"WebPage\",\"@id\":\"https:\/\/talijata.com\/index.php\/njen-zastitnik\/\",\"url\":\"https:\/\/talijata.com\/index.php\/njen-zastitnik\/\",\"name\":\"Njen Za\u0161titnik - TALIJATA\",\"isPartOf\":{\"@id\":\"https:\/\/talijata.com\/#website\"},\"datePublished\":\"2024-01-07T13:35:32+00:00\",\"dateModified\":\"2024-04-22T22:16:05+00:00\",\"breadcrumb\":{\"@id\":\"https:\/\/talijata.com\/index.php\/njen-zastitnik\/#breadcrumb\"},\"inLanguage\":\"sr-RS\",\"potentialAction\":[{\"@type\":\"ReadAction\",\"target\":[\"https:\/\/talijata.com\/index.php\/njen-zastitnik\/\"]}]},{\"@type\":\"BreadcrumbList\",\"@id\":\"https:\/\/talijata.com\/index.php\/njen-zastitnik\/#breadcrumb\",\"itemListElement\":[{\"@type\":\"ListItem\",\"position\":1,\"name\":\"Home\",\"item\":\"https:\/\/talijata.com\/\"},{\"@type\":\"ListItem\",\"position\":2,\"name\":\"Njen Za\u0161titnik\"}]},{\"@type\":\"WebSite\",\"@id\":\"https:\/\/talijata.com\/#website\",\"url\":\"https:\/\/talijata.com\/\",\"name\":\"TALIJATA\",\"description\":\"Autor ljubavnih romana\",\"publisher\":{\"@id\":\"https:\/\/talijata.com\/#\/schema\/person\/db9f6cdcd00ab27df30ef69a1ff30e1b\"},\"alternateName\":\"Talijata wattpad\",\"potentialAction\":[{\"@type\":\"SearchAction\",\"target\":{\"@type\":\"EntryPoint\",\"urlTemplate\":\"https:\/\/talijata.com\/?s={search_term_string}\"},\"query-input\":{\"@type\":\"PropertyValueSpecification\",\"valueRequired\":true,\"valueName\":\"search_term_string\"}}],\"inLanguage\":\"sr-RS\"},{\"@type\":[\"Person\",\"Organization\"],\"@id\":\"https:\/\/talijata.com\/#\/schema\/person\/db9f6cdcd00ab27df30ef69a1ff30e1b\",\"name\":\"Talijata\",\"image\":{\"@type\":\"ImageObject\",\"inLanguage\":\"sr-RS\",\"@id\":\"https:\/\/talijata.com\/#\/schema\/person\/image\/\",\"url\":\"https:\/\/talijata.com\/wp-content\/uploads\/2023\/12\/cropped-Talijata-novi-logo.png\",\"contentUrl\":\"https:\/\/talijata.com\/wp-content\/uploads\/2023\/12\/cropped-Talijata-novi-logo.png\",\"width\":512,\"height\":512,\"caption\":\"Talijata\"},\"logo\":{\"@id\":\"https:\/\/talijata.com\/#\/schema\/person\/image\/\"},\"sameAs\":[\"https:\/\/www.facebook.com\/TalijataWattpad?locale=sr_RS\",\"https:\/\/www.instagram.com\/talijata_wattpad_books\/\"]}]}<\/script>\n<!-- \/ Yoast SEO plugin. -->","yoast_head_json":{"title":"Njen Za\u0161titnik - TALIJATA","robots":{"index":"index","follow":"follow","max-snippet":"max-snippet:-1","max-image-preview":"max-image-preview:large","max-video-preview":"max-video-preview:-1"},"canonical":"https:\/\/talijata.com\/index.php\/njen-zastitnik\/","og_locale":"sr_RS","og_type":"article","og_title":"Njen Za\u0161titnik - TALIJATA","og_description":"Njen za\u0161titnik \u00a0 \u201eOd onog trenutka kada se na\u0161la u mojim rukama, postala je deo mene. Deo koji sam silno \u017eeleo da sa\u010duvam. Problema je bilo vi\u0161e. Pre svega...bila je tu\u0111a.\u201c \u201eOnog momenta kada su se njegove ruke prvi put sklopile oko mene, na\u0161la sam svoje skloni\u0161te. Ali... Postojao jedan problem. Pripadali smo razli\u010ditim svetovima.\u201c [&hellip;]","og_url":"https:\/\/talijata.com\/index.php\/njen-zastitnik\/","og_site_name":"TALIJATA","article_publisher":"https:\/\/www.facebook.com\/TalijataWattpad?locale=sr_RS","article_modified_time":"2024-04-22T22:16:05+00:00","og_image":[{"width":512,"height":512,"url":"https:\/\/talijata.com\/wp-content\/uploads\/2023\/12\/cropped-Talijata-novi-logo.png","type":"image\/png"}],"twitter_card":"summary_large_image","twitter_misc":{"\u041f\u0440\u043e\u0446\u0435\u045a\u0435\u043d\u043e \u0432\u0440\u0435\u043c\u0435 \u0447\u0438\u0442\u0430\u045a\u0430":"2 \u043c\u0438\u043d\u0443\u0442\u0430"},"schema":{"@context":"https:\/\/schema.org","@graph":[{"@type":"WebPage","@id":"https:\/\/talijata.com\/index.php\/njen-zastitnik\/","url":"https:\/\/talijata.com\/index.php\/njen-zastitnik\/","name":"Njen Za\u0161titnik - TALIJATA","isPartOf":{"@id":"https:\/\/talijata.com\/#website"},"datePublished":"2024-01-07T13:35:32+00:00","dateModified":"2024-04-22T22:16:05+00:00","breadcrumb":{"@id":"https:\/\/talijata.com\/index.php\/njen-zastitnik\/#breadcrumb"},"inLanguage":"sr-RS","potentialAction":[{"@type":"ReadAction","target":["https:\/\/talijata.com\/index.php\/njen-zastitnik\/"]}]},{"@type":"BreadcrumbList","@id":"https:\/\/talijata.com\/index.php\/njen-zastitnik\/#breadcrumb","itemListElement":[{"@type":"ListItem","position":1,"name":"Home","item":"https:\/\/talijata.com\/"},{"@type":"ListItem","position":2,"name":"Njen Za\u0161titnik"}]},{"@type":"WebSite","@id":"https:\/\/talijata.com\/#website","url":"https:\/\/talijata.com\/","name":"TALIJATA","description":"Autor ljubavnih romana","publisher":{"@id":"https:\/\/talijata.com\/#\/schema\/person\/db9f6cdcd00ab27df30ef69a1ff30e1b"},"alternateName":"Talijata wattpad","potentialAction":[{"@type":"SearchAction","target":{"@type":"EntryPoint","urlTemplate":"https:\/\/talijata.com\/?s={search_term_string}"},"query-input":{"@type":"PropertyValueSpecification","valueRequired":true,"valueName":"search_term_string"}}],"inLanguage":"sr-RS"},{"@type":["Person","Organization"],"@id":"https:\/\/talijata.com\/#\/schema\/person\/db9f6cdcd00ab27df30ef69a1ff30e1b","name":"Talijata","image":{"@type":"ImageObject","inLanguage":"sr-RS","@id":"https:\/\/talijata.com\/#\/schema\/person\/image\/","url":"https:\/\/talijata.com\/wp-content\/uploads\/2023\/12\/cropped-Talijata-novi-logo.png","contentUrl":"https:\/\/talijata.com\/wp-content\/uploads\/2023\/12\/cropped-Talijata-novi-logo.png","width":512,"height":512,"caption":"Talijata"},"logo":{"@id":"https:\/\/talijata.com\/#\/schema\/person\/image\/"},"sameAs":["https:\/\/www.facebook.com\/TalijataWattpad?locale=sr_RS","https:\/\/www.instagram.com\/talijata_wattpad_books\/"]}]}},"jetpack_sharing_enabled":true,"_links":{"self":[{"href":"https:\/\/talijata.com\/index.php\/wp-json\/wp\/v2\/pages\/75","targetHints":{"allow":["GET"]}}],"collection":[{"href":"https:\/\/talijata.com\/index.php\/wp-json\/wp\/v2\/pages"}],"about":[{"href":"https:\/\/talijata.com\/index.php\/wp-json\/wp\/v2\/types\/page"}],"author":[{"embeddable":true,"href":"https:\/\/talijata.com\/index.php\/wp-json\/wp\/v2\/users\/2"}],"replies":[{"embeddable":true,"href":"https:\/\/talijata.com\/index.php\/wp-json\/wp\/v2\/comments?post=75"}],"version-history":[{"count":19,"href":"https:\/\/talijata.com\/index.php\/wp-json\/wp\/v2\/pages\/75\/revisions"}],"predecessor-version":[{"id":423,"href":"https:\/\/talijata.com\/index.php\/wp-json\/wp\/v2\/pages\/75\/revisions\/423"}],"wp:attachment":[{"href":"https:\/\/talijata.com\/index.php\/wp-json\/wp\/v2\/media?parent=75"}],"curies":[{"name":"wp","href":"https:\/\/api.w.org\/{rel}","templated":true}]}}