{"id":12,"date":"2023-12-28T22:10:17","date_gmt":"2023-12-28T22:10:17","guid":{"rendered":"https:\/\/talijata.com\/?page_id=12"},"modified":"2024-01-22T22:26:21","modified_gmt":"2024-01-22T22:26:21","slug":"o-autoru","status":"publish","type":"page","link":"https:\/\/talijata.com\/index.php\/o-autoru\/","title":{"rendered":"O autoru"},"content":{"rendered":"<p>[et_pb_section fb_built=&#8220;1&#8243; _builder_version=&#8220;4.23.1&#8243; _module_preset=&#8220;default&#8220; custom_margin=&#8220;-249px|||||&#8220; custom_padding=&#8220;||0px|||&#8220; global_colors_info=&#8220;{}&#8220;][et_pb_row column_structure=&#8220;1_2,1_2&#8243; _builder_version=&#8220;4.24.0&#8243; _module_preset=&#8220;default&#8220; global_colors_info=&#8220;{}&#8220;][et_pb_column type=&#8220;1_2&#8243; disabled_on=&#8220;on|off|off&#8220; _builder_version=&#8220;4.23.1&#8243; _module_preset=&#8220;default&#8220; global_colors_info=&#8220;{}&#8220;][\/et_pb_column][et_pb_column type=&#8220;1_2&#8243; disabled_on=&#8220;on|off|off&#8220; _builder_version=&#8220;4.23.1&#8243; _module_preset=&#8220;default&#8220; global_colors_info=&#8220;{}&#8220;][\/et_pb_column][\/et_pb_row][\/et_pb_section][et_pb_section fb_built=&#8220;1&#8243; _builder_version=&#8220;4.24.0&#8243; _module_preset=&#8220;default&#8220; background_color=&#8220;#b64886&#8243; use_background_color_gradient=&#8220;on&#8220; background_color_gradient_stops=&#8220;#ffffff 78%|#b64886 99%&#8220; min_height=&#8220;539px&#8220; custom_margin=&#8220;-20px||-1px|||&#8220; custom_padding=&#8220;57px||69px|||&#8220; global_colors_info=&#8220;{}&#8220;][et_pb_row _builder_version=&#8220;4.23.1&#8243; _module_preset=&#8220;default&#8220; global_colors_info=&#8220;{}&#8220; custom_margin=&#8220;|auto|56px|auto||&#8220; custom_padding=&#8220;||1px|||&#8220; min_height=&#8220;113px&#8220;][et_pb_column type=&#8220;4_4&#8243; _builder_version=&#8220;4.23.1&#8243; _module_preset=&#8220;default&#8220; global_colors_info=&#8220;{}&#8220;][\/et_pb_column][\/et_pb_row][et_pb_row _builder_version=&#8220;4.24.0&#8243; _module_preset=&#8220;default&#8220;][et_pb_column _builder_version=&#8220;4.24.0&#8243; _module_preset=&#8220;default&#8220; type=&#8220;4_4&#8243;][et_pb_text _builder_version=&#8220;4.24.0&#8243; _module_preset=&#8220;default&#8220; text_font=&#8220;Vidaloka||||||||&#8220; hover_enabled=&#8220;0&#8243; sticky_enabled=&#8220;0&#8243; header_font_size=&#8220;48px&#8220; header_text_color=&#8220;#b64886&#8243;]<\/p>\n<h1>O autoru<\/h1>\n<p>[\/et_pb_text][\/et_pb_column][\/et_pb_row][et_pb_row column_structure=&#8220;1_3,2_3&#8243; _builder_version=&#8220;4.24.0&#8243; _module_preset=&#8220;default&#8220; custom_padding=&#8220;0px||0px||true|false&#8220; hover_enabled=&#8220;0&#8243; global_colors_info=&#8220;{}&#8220; min_height=&#8220;703px&#8220; sticky_enabled=&#8220;0&#8243;][et_pb_column type=&#8220;1_3&#8243; _builder_version=&#8220;4.23.3&#8243; _module_preset=&#8220;default&#8220; global_colors_info=&#8220;{}&#8220;][et_pb_image src=&#8220;https:\/\/talijata.com\/wp-content\/uploads\/2024\/01\/FB_IMG_1620375040666.jpg&#8220; title_text=&#8220;FB_IMG_1620375040666&#8243; _builder_version=&#8220;4.23.3&#8243; _module_preset=&#8220;default&#8220; width=&#8220;100%&#8220; max_width=&#8220;100%&#8220; min_height=&#8220;316px&#8220; custom_margin=&#8220;108px||21px|||&#8220; custom_padding=&#8220;|0px||||&#8220; global_colors_info=&#8220;{}&#8220;][\/et_pb_image][\/et_pb_column][et_pb_column type=&#8220;2_3&#8243; _builder_version=&#8220;4.23.3&#8243; _module_preset=&#8220;default&#8220; global_colors_info=&#8220;{}&#8220;][et_pb_text _builder_version=&#8220;4.24.0&#8243; _module_preset=&#8220;default&#8220; text_font=&#8220;Abhaya Libre|600|||||||&#8220; text_font_size=&#8220;16px&#8220; text_line_height=&#8220;1.8em&#8220; text_orientation=&#8220;justified&#8220; width=&#8220;100%&#8220; width_tablet=&#8220;100%&#8220; width_phone=&#8220;100%&#8220; width_last_edited=&#8220;on|phone&#8220; max_width=&#8220;100%&#8220; module_alignment=&#8220;center&#8220; min_height=&#8220;674px&#8220; height=&#8220;100px&#8220; max_height=&#8220;100px&#8220; custom_margin=&#8220;44px||24px||false|false&#8220; custom_padding=&#8220;10px|10px|12px|10px|false|false&#8220; hover_enabled=&#8220;0&#8243; global_colors_info=&#8220;{}&#8220; text_text_color=&#8220;#000000&#8243; sticky_enabled=&#8220;0&#8243;]<\/p>\n<p lang=\"hr-HR\">Tatjana Radulovi\u0107 Talijata, ro\u0111ena je 23. novembra 1987. godine, u malom gradu kraj \u0110erdapskog jezera, u Donjem Milanovcu, koji je za vreme Rimske imperije nosio naziv Taliata, pa otuda i pseudonim &#8222;Talijata&#8220;, pod kojim ona danas pi\u0161e na wattpad platformi.<\/p>\n<p lang=\"hr-HR\">\u017divot ju je vodio raznim putevima: po\u010dela je s turizmom, nastavila je sa ekonomijom i preko trgovine zavr\u0161ila u knjigovodstvu.<\/p>\n<p lang=\"hr-HR\">Bavila se modernim plesom, modelingom, a radila je i kao \u0161minker u vr\u0161a\u010dkom pozori\u0161tu.<\/p>\n<p lang=\"hr-HR\">Udata je, i majka je troje dece. U\u017eiva u maj\u010dinstvu i ne krije da bi volela da ima jo\u0161 dece.<\/p>\n<p lang=\"hr-HR\">U slobodno vrijeme pi\u0161e, jer je to ne\u0161to \u0161to je opu\u0161ta i dozvoljava da neke lijepe trenutke iz pro\u0161losti ponovo do\u017eivi, neke prebrodi, a o nekima slobodno ma\u0161ta.<\/p>\n<p lang=\"hr-HR\">Njen \u017eivotni moto jeste da je \u017eivot isuvi\u0161e kratak da bi ga potro\u0161ila na samo jedan cilj i dovoljno dug da u jednom \u017eivotu pro\u017eivi bar tri.<\/p>\n<p lang=\"hr-HR\">[\/et_pb_text][\/et_pb_column][\/et_pb_row][\/et_pb_section]<\/p>\n","protected":false},"excerpt":{"rendered":"<p>O autoruTatjana Radulovi\u0107 Talijata, ro\u0111ena je 23. novembra 1987. godine, u malom gradu kraj \u0110erdapskog jezera, u Donjem Milanovcu, koji je za vreme Rimske imperije nosio naziv Taliata, pa otuda i pseudonim &#8222;Talijata&#8220;, pod kojim ona danas pi\u0161e na wattpad platformi. \u017divot ju je vodio raznim putevima: po\u010dela je s turizmom, nastavila je sa ekonomijom [&hellip;]<\/p>\n","protected":false},"author":2,"featured_media":0,"parent":0,"menu_order":0,"comment_status":"closed","ping_status":"closed","template":"","meta":{"_et_pb_use_builder":"on","_et_pb_old_content":"","_et_gb_content_width":"","footnotes":""},"class_list":["post-12","page","type-page","status-publish","hentry"],"yoast_head":"<!-- This site is optimized with the Yoast SEO plugin v26.8 - https:\/\/yoast.com\/product\/yoast-seo-wordpress\/ -->\n<title>O autoru - TALIJATA<\/title>\n<meta name=\"robots\" content=\"index, follow, max-snippet:-1, max-image-preview:large, max-video-preview:-1\" \/>\n<link rel=\"canonical\" href=\"https:\/\/talijata.com\/index.php\/o-autoru\/\" \/>\n<meta property=\"og:locale\" content=\"sr_RS\" \/>\n<meta property=\"og:type\" content=\"article\" \/>\n<meta property=\"og:title\" content=\"O autoru - TALIJATA\" \/>\n<meta property=\"og:description\" content=\"O autoruTatjana Radulovi\u0107 Talijata, ro\u0111ena je 23. novembra 1987. godine, u malom gradu kraj \u0110erdapskog jezera, u Donjem Milanovcu, koji je za vreme Rimske imperije nosio naziv Taliata, pa otuda i pseudonim &quot;Talijata&quot;, pod kojim ona danas pi\u0161e na wattpad platformi. \u017divot ju je vodio raznim putevima: po\u010dela je s turizmom, nastavila je sa ekonomijom [&hellip;]\" \/>\n<meta property=\"og:url\" content=\"https:\/\/talijata.com\/index.php\/o-autoru\/\" \/>\n<meta property=\"og:site_name\" content=\"TALIJATA\" \/>\n<meta property=\"article:publisher\" content=\"https:\/\/www.facebook.com\/TalijataWattpad?locale=sr_RS\" \/>\n<meta property=\"article:modified_time\" content=\"2024-01-22T22:26:21+00:00\" \/>\n<meta property=\"og:image\" content=\"https:\/\/talijata.com\/wp-content\/uploads\/2023\/12\/cropped-Talijata-novi-logo.png\" \/>\n\t<meta property=\"og:image:width\" content=\"512\" \/>\n\t<meta property=\"og:image:height\" content=\"512\" \/>\n\t<meta property=\"og:image:type\" content=\"image\/png\" \/>\n<meta name=\"twitter:card\" content=\"summary_large_image\" \/>\n<meta name=\"twitter:label1\" content=\"\u041f\u0440\u043e\u0446\u0435\u045a\u0435\u043d\u043e \u0432\u0440\u0435\u043c\u0435 \u0447\u0438\u0442\u0430\u045a\u0430\" \/>\n\t<meta name=\"twitter:data1\" content=\"3 \u043c\u0438\u043d\u0443\u0442\u0430\" \/>\n<script type=\"application\/ld+json\" class=\"yoast-schema-graph\">{\"@context\":\"https:\/\/schema.org\",\"@graph\":[{\"@type\":\"WebPage\",\"@id\":\"https:\/\/talijata.com\/index.php\/o-autoru\/\",\"url\":\"https:\/\/talijata.com\/index.php\/o-autoru\/\",\"name\":\"O autoru - TALIJATA\",\"isPartOf\":{\"@id\":\"https:\/\/talijata.com\/#website\"},\"datePublished\":\"2023-12-28T22:10:17+00:00\",\"dateModified\":\"2024-01-22T22:26:21+00:00\",\"breadcrumb\":{\"@id\":\"https:\/\/talijata.com\/index.php\/o-autoru\/#breadcrumb\"},\"inLanguage\":\"sr-RS\",\"potentialAction\":[{\"@type\":\"ReadAction\",\"target\":[\"https:\/\/talijata.com\/index.php\/o-autoru\/\"]}]},{\"@type\":\"BreadcrumbList\",\"@id\":\"https:\/\/talijata.com\/index.php\/o-autoru\/#breadcrumb\",\"itemListElement\":[{\"@type\":\"ListItem\",\"position\":1,\"name\":\"Home\",\"item\":\"https:\/\/talijata.com\/\"},{\"@type\":\"ListItem\",\"position\":2,\"name\":\"O autoru\"}]},{\"@type\":\"WebSite\",\"@id\":\"https:\/\/talijata.com\/#website\",\"url\":\"https:\/\/talijata.com\/\",\"name\":\"TALIJATA\",\"description\":\"Autor ljubavnih romana\",\"publisher\":{\"@id\":\"https:\/\/talijata.com\/#\/schema\/person\/db9f6cdcd00ab27df30ef69a1ff30e1b\"},\"alternateName\":\"Talijata wattpad\",\"potentialAction\":[{\"@type\":\"SearchAction\",\"target\":{\"@type\":\"EntryPoint\",\"urlTemplate\":\"https:\/\/talijata.com\/?s={search_term_string}\"},\"query-input\":{\"@type\":\"PropertyValueSpecification\",\"valueRequired\":true,\"valueName\":\"search_term_string\"}}],\"inLanguage\":\"sr-RS\"},{\"@type\":[\"Person\",\"Organization\"],\"@id\":\"https:\/\/talijata.com\/#\/schema\/person\/db9f6cdcd00ab27df30ef69a1ff30e1b\",\"name\":\"Talijata\",\"image\":{\"@type\":\"ImageObject\",\"inLanguage\":\"sr-RS\",\"@id\":\"https:\/\/talijata.com\/#\/schema\/person\/image\/\",\"url\":\"https:\/\/talijata.com\/wp-content\/uploads\/2023\/12\/cropped-Talijata-novi-logo.png\",\"contentUrl\":\"https:\/\/talijata.com\/wp-content\/uploads\/2023\/12\/cropped-Talijata-novi-logo.png\",\"width\":512,\"height\":512,\"caption\":\"Talijata\"},\"logo\":{\"@id\":\"https:\/\/talijata.com\/#\/schema\/person\/image\/\"},\"sameAs\":[\"https:\/\/www.facebook.com\/TalijataWattpad?locale=sr_RS\",\"https:\/\/www.instagram.com\/talijata_wattpad_books\/\"]}]}<\/script>\n<!-- \/ Yoast SEO plugin. -->","yoast_head_json":{"title":"O autoru - TALIJATA","robots":{"index":"index","follow":"follow","max-snippet":"max-snippet:-1","max-image-preview":"max-image-preview:large","max-video-preview":"max-video-preview:-1"},"canonical":"https:\/\/talijata.com\/index.php\/o-autoru\/","og_locale":"sr_RS","og_type":"article","og_title":"O autoru - TALIJATA","og_description":"O autoruTatjana Radulovi\u0107 Talijata, ro\u0111ena je 23. novembra 1987. godine, u malom gradu kraj \u0110erdapskog jezera, u Donjem Milanovcu, koji je za vreme Rimske imperije nosio naziv Taliata, pa otuda i pseudonim \"Talijata\", pod kojim ona danas pi\u0161e na wattpad platformi. \u017divot ju je vodio raznim putevima: po\u010dela je s turizmom, nastavila je sa ekonomijom [&hellip;]","og_url":"https:\/\/talijata.com\/index.php\/o-autoru\/","og_site_name":"TALIJATA","article_publisher":"https:\/\/www.facebook.com\/TalijataWattpad?locale=sr_RS","article_modified_time":"2024-01-22T22:26:21+00:00","og_image":[{"width":512,"height":512,"url":"https:\/\/talijata.com\/wp-content\/uploads\/2023\/12\/cropped-Talijata-novi-logo.png","type":"image\/png"}],"twitter_card":"summary_large_image","twitter_misc":{"\u041f\u0440\u043e\u0446\u0435\u045a\u0435\u043d\u043e \u0432\u0440\u0435\u043c\u0435 \u0447\u0438\u0442\u0430\u045a\u0430":"3 \u043c\u0438\u043d\u0443\u0442\u0430"},"schema":{"@context":"https:\/\/schema.org","@graph":[{"@type":"WebPage","@id":"https:\/\/talijata.com\/index.php\/o-autoru\/","url":"https:\/\/talijata.com\/index.php\/o-autoru\/","name":"O autoru - TALIJATA","isPartOf":{"@id":"https:\/\/talijata.com\/#website"},"datePublished":"2023-12-28T22:10:17+00:00","dateModified":"2024-01-22T22:26:21+00:00","breadcrumb":{"@id":"https:\/\/talijata.com\/index.php\/o-autoru\/#breadcrumb"},"inLanguage":"sr-RS","potentialAction":[{"@type":"ReadAction","target":["https:\/\/talijata.com\/index.php\/o-autoru\/"]}]},{"@type":"BreadcrumbList","@id":"https:\/\/talijata.com\/index.php\/o-autoru\/#breadcrumb","itemListElement":[{"@type":"ListItem","position":1,"name":"Home","item":"https:\/\/talijata.com\/"},{"@type":"ListItem","position":2,"name":"O autoru"}]},{"@type":"WebSite","@id":"https:\/\/talijata.com\/#website","url":"https:\/\/talijata.com\/","name":"TALIJATA","description":"Autor ljubavnih romana","publisher":{"@id":"https:\/\/talijata.com\/#\/schema\/person\/db9f6cdcd00ab27df30ef69a1ff30e1b"},"alternateName":"Talijata wattpad","potentialAction":[{"@type":"SearchAction","target":{"@type":"EntryPoint","urlTemplate":"https:\/\/talijata.com\/?s={search_term_string}"},"query-input":{"@type":"PropertyValueSpecification","valueRequired":true,"valueName":"search_term_string"}}],"inLanguage":"sr-RS"},{"@type":["Person","Organization"],"@id":"https:\/\/talijata.com\/#\/schema\/person\/db9f6cdcd00ab27df30ef69a1ff30e1b","name":"Talijata","image":{"@type":"ImageObject","inLanguage":"sr-RS","@id":"https:\/\/talijata.com\/#\/schema\/person\/image\/","url":"https:\/\/talijata.com\/wp-content\/uploads\/2023\/12\/cropped-Talijata-novi-logo.png","contentUrl":"https:\/\/talijata.com\/wp-content\/uploads\/2023\/12\/cropped-Talijata-novi-logo.png","width":512,"height":512,"caption":"Talijata"},"logo":{"@id":"https:\/\/talijata.com\/#\/schema\/person\/image\/"},"sameAs":["https:\/\/www.facebook.com\/TalijataWattpad?locale=sr_RS","https:\/\/www.instagram.com\/talijata_wattpad_books\/"]}]}},"jetpack_sharing_enabled":true,"_links":{"self":[{"href":"https:\/\/talijata.com\/index.php\/wp-json\/wp\/v2\/pages\/12","targetHints":{"allow":["GET"]}}],"collection":[{"href":"https:\/\/talijata.com\/index.php\/wp-json\/wp\/v2\/pages"}],"about":[{"href":"https:\/\/talijata.com\/index.php\/wp-json\/wp\/v2\/types\/page"}],"author":[{"embeddable":true,"href":"https:\/\/talijata.com\/index.php\/wp-json\/wp\/v2\/users\/2"}],"replies":[{"embeddable":true,"href":"https:\/\/talijata.com\/index.php\/wp-json\/wp\/v2\/comments?post=12"}],"version-history":[{"count":18,"href":"https:\/\/talijata.com\/index.php\/wp-json\/wp\/v2\/pages\/12\/revisions"}],"predecessor-version":[{"id":395,"href":"https:\/\/talijata.com\/index.php\/wp-json\/wp\/v2\/pages\/12\/revisions\/395"}],"wp:attachment":[{"href":"https:\/\/talijata.com\/index.php\/wp-json\/wp\/v2\/media?parent=12"}],"curies":[{"name":"wp","href":"https:\/\/api.w.org\/{rel}","templated":true}]}}